{"id":55,"date":"2022-11-08T12:25:22","date_gmt":"2022-11-08T11:25:22","guid":{"rendered":"https:\/\/assocom.dev.jolifish.eu\/?page_id=55"},"modified":"2023-01-10T10:46:33","modified_gmt":"2023-01-10T09:46:33","slug":"home","status":"publish","type":"page","link":"https:\/\/assocom.dev.jolifish.eu\/","title":{"rendered":"Home"},"content":{"rendered":"\n<p><\/p>\n\n\n\n\n\n\n\n<div class=\"image_text_gutenberg_block\" style=\"flex-direction: row; background: #ffffff;\">\n        <div class=\"image\" style=\"width: 47%;\">\n        <img decoding=\"async\" src=\"https:\/\/assocom.dev.jolifish.eu\/wp-content\/uploads\/2023\/01\/pexels-shattha-pilabut-135620-scaled.jpg\" alt=\"\">\n    <\/div>\n        <div class=\"texte\" style=\"width: 43%; align-items: ; text-align: ;\">\n        <h2 style=\"color: #1e73be;\">Cette ann\u00e9e, qu\u2019allez-vous proposer \u00e0 vos adh\u00e9rents ?<\/h2>\n        <p style=\"color: #1e73be;\"><p>Une association de commer\u00e7ants existe pour soutenir le commerce de proximit\u00e9, organiser les \u00e9v\u00e8nements communs \u00e0 tous les commer\u00e7ants d\u2019un quartier ou d\u2019une commune. Il est parfois difficile de trouver de nouvelles id\u00e9es ou de f\u00e9d\u00e9rer autour d\u2019un projet. Refaire la braderie de l\u2019ann\u00e9e derni\u00e8re ? Sans doute. Participer \u00e0 l\u2019\u00e9clairage de No\u00ebl ? Evidemment. Et si demain, vous proposiez une solution concr\u00e8te, d\u00e9j\u00e0 test\u00e9e et qui marche pour soutenir le commerce de chaque membre de votre association ?<\/p>\n<\/p>\n            <\/div>\n\n<\/div>\n\n\n <div class=\"texte_gutenberg_block\">\n\n   \n   <h2 style=\"text-align: center;\">Le commerce de proximit\u00e9 ? Un r\u00e9seau social \u00ab r\u00e9el \u00bb !<\/h2>\n<p style=\"text-align: left;\"><strong>Isol\u00e9s, les commer\u00e7ants n\u2019utilisent pas assez Internet pour d\u00e9velopper leur activit\u00e9.<\/strong><br \/>\nUn commer\u00e7ant n\u2019a que tr\u00e8s rarement le temps de se consacrer \u00e0 sa communication sur Internet. Il est dans l\u2019action et, ponctuellement (soldes, P\u00e2ques, F\u00eate des m\u00e8res, etc.) va organiser un \u00e9v\u00e9nement dans son magasin. S\u2019il dispose d\u2019un site web (ce n\u2019est bien souvent pas le cas) il ne sait pas trop comment s\u2019y prendre pour attirer une nouvelle client\u00e8le.<\/p>\n<p style=\"text-align: left;\">\n<p style=\"text-align: left;\"><strong>Le consommateur s\u2019informe sur Internet avant d\u2019aller en magasin.<\/strong><br \/>\nCes derni\u00e8res ann\u00e9es, les modes de consommation ont chang\u00e9. Combien de clients entrent aujourd\u2019hui dans un magasin en ayant auparavant, compar\u00e9 sur Internet, d\u00e9croch\u00e9 une promotion ou tout simplement, consult\u00e9 les horaires d\u2019ouverture ? 84% des internautes* pr\u00e9parent leur achat sur Internet avant de passer en caisse. Aujourd\u2019hui, combien de petits commer\u00e7ants en profitent ?<\/p>\n<p style=\"text-align: left;\">\n<p style=\"text-align: left;\"><strong>Il faut qu\u2019Internet profite \u00e0 chacun individuellement et s\u2019appuie sur la force du r\u00e9seau associatif.<\/strong><br \/>\nNotre observation nous a donc permis de concevoir un dispositif pens\u00e9 pour les petits commer\u00e7ants, en mutualisant les co\u00fbts et la capacit\u00e9 d\u2019attraction. Forts d\u2019une exp\u00e9rience dans le domaine des r\u00e9seaux, nous avons invent\u00e9 un dispositif qui s\u2019appuie sur l\u2019union de tous les commer\u00e7ants, tout en leur garantissant autonomie et ind\u00e9pendance.<\/p>\n\n <\/div>\n\n\n\n\n\n<div class=\"repeteur_image_text_gutenberg_block\">\n\n    \n    \n  <h2 style=\"color:;\">Le dispositif Asso de commer\u00e7ants con\u00e7u avec Webagoo  <\/h2>\n\n  <div class=\"content\">\n                  <div class=\"block\">\n\n          <img decoding=\"async\" src=\"\" alt=\"\">\n          <h3><\/h3>\n          <p>Un mini-site pour chaque adh\u00e9rent, qui diffuse lui-m\u00eame ses actualit\u00e9s et ses promotions, de fa\u00e7on tr\u00e8s simple et sans connaissance technique.<\/p>\n\t\t  \t\t          <\/div>\n              <div class=\"block\">\n\n          <img decoding=\"async\" src=\"\" alt=\"\">\n          <h3><\/h3>\n          <p>Un portail Web de l\u2019Association qui relaie automatiquement le contenu des mini-sites : promos, \u00e9v\u00e9nements, nouveaux magasins, f\u00eate de quartier, braderies&#8230; L\u2019Association peut aussi y diffuser son propre contenu.<\/p>\n\t\t  \t\t          <\/div>\n              <div class=\"block\">\n\n          <img decoding=\"async\" src=\"\" alt=\"\">\n          <h3><\/h3>\n          <p>Une application mobile qui relaie automatiquement toutes les offres des adh\u00e9rents par g\u00e9olocalisation ou recherche th\u00e9matique.<\/p>\n\t\t  \t\t          <\/div>\n            <\/div>\n\n<\/div>\n\n\n\n\n\n      \n\n<div class=\"image_text_gutenberg_block\" style=\"flex-direction: row-reverse; background: #ffffff;\">\n        <div class=\"image\" style=\"width: 49%;\">\n        <img decoding=\"async\" src=\"https:\/\/assocom.dev.jolifish.eu\/wp-content\/uploads\/2023\/01\/pexels-shattha-pilabut-135620-scaled.jpg\" alt=\"\">\n    <\/div>\n        <div class=\"texte\" style=\"width: 41%; align-items: flex-start; text-align: left;\">\n        <h2 style=\"color: ;\">Une offre et des tarifs adapt\u00e9s \u00e0 chaque association<\/h2>\n        <p style=\"color: ;\"><p>Nos tarifs sont bas\u00e9s sur le principe de mutualisation : plus vous avez d\u2019adh\u00e9rents et plus le tarif sera faible pour chacun. Tarif \u00e0 partir de 0,29 \u20ac par jour et par commer\u00e7ant. L\u2019offre est accessible \u00e0 partir de 20 membres seulement\u00a0! Simulez votre devis en ligne sur\u00a0<a href=\"http:\/\/www.association-de-commercants.com\/\">www.association-de-commercants.com<\/a>\u00a0!<\/p>\n<p><strong>Exemple: une association regroupant 50 participants, b\u00e9n\u00e9ficiera de l\u2019ensemble des outils pour 200\u00a0\u20ac\u00a0ht par adh\u00e9rent pour l\u2019installation, puis 49 \u20ac ht\/an par adh\u00e9rent pour l\u2019entretien.<\/strong><\/p>\n<p>Plus de personnalisation ? Des options suppl\u00e9mentaires\u00a0? Tout est possible !<br \/>\nLa mise en oeuvre du dispositif prend de 1 \u00e0 3 semaines, selon la formule choisie.<\/p>\n<\/p>\n            <\/div>\n\n<\/div>\n\n\n <div class=\"texte_gutenberg_block\">\n\n   \n   <h2 style=\"text-align: left;\">D&rsquo;autres\u00a0<strong>b\u00e9n\u00e9fices-cl\u00e9s<\/strong><\/h2>\n<ul id=\"benefcles\">\n<li class=\"benefcle1\" style=\"text-align: left;\"><strong>Sur le portail<\/strong>, tous les commer\u00e7ants membres de l\u2019association sont class\u00e9s dans un annuaire, pour faciliter l\u2019acc\u00e8s \u00e0 chaque mini-site.<\/li>\n<li class=\"benefcle2\" style=\"text-align: left;\">Chaque commer\u00e7ant dispose\u00a0<strong>d&rsquo;affiches<\/strong>\u00a0et de\u00a0<strong>flyers<\/strong>\u00a0\u00e0 mettre en avant dans son magasin pour communiquer sur l\u2019op\u00e9ration. Si tous les commer\u00e7ants jouent le jeu, cela profite \u00e0 chacun !<\/li>\n<li class=\"benefcle3\" style=\"text-align: left;\">Chaque mini-site est\u00a0<strong>\u00e9volutif<\/strong>\u00a0et peut devenir un vrai site Internet si le commer\u00e7ant le souhaite.<\/li>\n<li class=\"benefcle4\" style=\"text-align: left;\">Sur l\u2019appli mobile, on peut mettre ses commer\u00e7ants en\u00a0<strong>favoris<\/strong>, acc\u00e9der directement aux\u00a0<strong>promotions<\/strong>\u00a0ou regarder la fiche du commer\u00e7ant et le retrouver facilement sur la\u00a0<strong>carte interactive<\/strong>.<\/li>\n<\/ul>\n\n <\/div>\n\n\n\n <div class=\"texte_gutenberg_block\">\n\n   \n   <h2 style=\"text-align: left;\">Chacun y trouve son\u00a0<strong>compte<\/strong><\/h2>\n<h3 style=\"text-align: left;\">Votre association<\/h3>\n<p style=\"text-align: left;\">f\u00e9d\u00e8re autour d\u2019un projet innovant qui soutient le commerce de proximit\u00e9, pleinement dans sa mission<\/p>\n<h3 style=\"text-align: left;\">Le commer\u00e7ant<\/h3>\n<p style=\"text-align: left;\">est totalement autonome et b\u00e9n\u00e9ficie de l\u2019effet r\u00e9seau de tous les adh\u00e9rents de l\u2019association : plus il y a d\u2019actualit\u00e9s, de promotions, et meilleur sera le r\u00e9f\u00e9rencement sur Internet, g\u00e9n\u00e9rant du trafic sur le web&#8230;et dans son magasin.<\/p>\n<h3 style=\"text-align: left;\">Le client<\/h3>\n<p style=\"text-align: left;\">peut consulter les actualit\u00e9s qui l\u2019int\u00e9ressent et se tenir inform\u00e9 des offres propos\u00e9es par les commer\u00e7ants des environs avant de se rendre en magasin.<\/p>\n\n <\/div>\n\n\n\n <div class=\"texte_gutenberg_block\">\n\n   \n   <h2>Un sch\u00e9ma\u00a0<strong>gagnant<\/strong><\/h2>\n<p><img loading=\"lazy\" decoding=\"async\" width=\"250\" height=\"250\" class=\"alignnone size-medium wp-image-232\" src=\"https:\/\/assocom.dev.jolifish.eu\/wp-content\/uploads\/2023\/01\/schema1-250x250.png\" alt=\"\" srcset=\"https:\/\/assocom.dev.jolifish.eu\/wp-content\/uploads\/2023\/01\/schema1-250x250.png 250w, https:\/\/assocom.dev.jolifish.eu\/wp-content\/uploads\/2023\/01\/schema1-150x150.png 150w, https:\/\/assocom.dev.jolifish.eu\/wp-content\/uploads\/2023\/01\/schema1-120x120.png 120w, https:\/\/assocom.dev.jolifish.eu\/wp-content\/uploads\/2023\/01\/schema1.png 500w\" sizes=\"auto, (max-width: 250px) 100vw, 250px\" \/><\/p>\n\n <\/div>\n","protected":false},"excerpt":{"rendered":"","protected":false},"author":1,"featured_media":0,"parent":0,"menu_order":0,"comment_status":"closed","ping_status":"closed","template":"","meta":{"footnotes":""},"class_list":["post-55","page","type-page","status-publish","hentry"],"acf":[],"_links":{"self":[{"href":"https:\/\/assocom.dev.jolifish.eu\/index.php?rest_route=\/wp\/v2\/pages\/55","targetHints":{"allow":["GET"]}}],"collection":[{"href":"https:\/\/assocom.dev.jolifish.eu\/index.php?rest_route=\/wp\/v2\/pages"}],"about":[{"href":"https:\/\/assocom.dev.jolifish.eu\/index.php?rest_route=\/wp\/v2\/types\/page"}],"author":[{"embeddable":true,"href":"https:\/\/assocom.dev.jolifish.eu\/index.php?rest_route=\/wp\/v2\/users\/1"}],"replies":[{"embeddable":true,"href":"https:\/\/assocom.dev.jolifish.eu\/index.php?rest_route=%2Fwp%2Fv2%2Fcomments&post=55"}],"version-history":[{"count":48,"href":"https:\/\/assocom.dev.jolifish.eu\/index.php?rest_route=\/wp\/v2\/pages\/55\/revisions"}],"predecessor-version":[{"id":238,"href":"https:\/\/assocom.dev.jolifish.eu\/index.php?rest_route=\/wp\/v2\/pages\/55\/revisions\/238"}],"wp:attachment":[{"href":"https:\/\/assocom.dev.jolifish.eu\/index.php?rest_route=%2Fwp%2Fv2%2Fmedia&parent=55"}],"curies":[{"name":"wp","href":"https:\/\/api.w.org\/{rel}","templated":true}]}}