{"id":248,"date":"2023-01-10T10:53:05","date_gmt":"2023-01-10T09:53:05","guid":{"rendered":"https:\/\/assocom.dev.jolifish.eu\/?page_id=248"},"modified":"2023-01-11T10:21:16","modified_gmt":"2023-01-11T09:21:16","slug":"application-iphone","status":"publish","type":"page","link":"https:\/\/assocom.dev.jolifish.eu\/?page_id=248","title":{"rendered":"Application iphone"},"content":{"rendered":"\n<h2 class=\"wp-block-heading\">Une Application iPhone pour afficher sa modernit\u00e9<\/h2>\n\n\n\n<h2 class=\"wp-block-heading\">Publier des offres promotionnelles<\/h2>\n\n\n\n<p>Apr\u00e8s la r\u00e9daction et la publication des r\u00e9ductions via le module R\u00e9ductions (pour plus d&rsquo;informations \u00e0 ce sujet :&nbsp;<a href=\"http:\/\/www.association-de-commercants.com\/fr\/mini-site.html\">Un mini-site autonome par adh\u00e9rent<\/a>), les offres promotionnelles sont visibles !<\/p>\n\n\n\n<p>Ainsi, les personnes qui ont un iPhone peuvent visionner ces offres et&nbsp;<strong>pr\u00e9senter leur t\u00e9l\u00e9phone au commer\u00e7ant<\/strong>&nbsp;qui propose la r\u00e9duction pour en b\u00e9n\u00e9ficier, et les internautes peuvent faire de m\u00eame en&nbsp;<strong>imprimant leur bon de r\u00e9duction<\/strong>&nbsp;via leur ordinateur.<\/p>\n\n\n\n<p>Pour qu&rsquo;elles soient visibles par un grand nombre de personnes, ces offres sont mises en avant sur la fiche de chaque commer\u00e7ant (dans l&rsquo;<strong>Application iPhone<\/strong>&nbsp;ET dans&nbsp;<strong>le Portail de l&rsquo;Association<\/strong>).<\/p>\n\n\n\n<figure class=\"wp-block-image\"><img decoding=\"async\" src=\"http:\/\/www.association-de-commercants.com\/documents\/IMG_6654.jpg\" alt=\"\"\/><\/figure>\n\n\n\n<p><\/p>\n\n\n\n<figure class=\"wp-block-image\"><img decoding=\"async\" src=\"http:\/\/www.association-de-commercants.com\/documents\/Pc_reduc3.jpg\" alt=\"\"\/><\/figure>\n\n\n\n<p><\/p>\n\n\n\n<figure class=\"wp-block-image\"><img decoding=\"async\" src=\"http:\/\/www.association-de-commercants.com\/documents\/IMG_6652.jpg\" alt=\"\"\/><\/figure>\n\n\n\n<h2 class=\"wp-block-heading\">Diffuser ses coordonn\u00e9es<\/h2>\n\n\n\n<p>Chaque commer\u00e7ant adh\u00e9rent se trouve dans la cat\u00e9gorie \u00ab\u00a0<strong>&nbsp;trouver un commer\u00e7ant<\/strong>&nbsp;\u00a0\u00bb dans l&rsquo;application iPhone. Disponibles sous forme de<strong>&nbsp;liste<\/strong>&nbsp;ou de&nbsp;<strong>carte<\/strong>&nbsp;de g\u00e9olocalisation, les fiches des commer\u00e7ants sont toutes r\u00e9pertori\u00e9es dans l&rsquo;application.&nbsp;<\/p>\n\n\n\n<p><strong>Logo, description de l&rsquo;activit\u00e9, coordonn\u00e9es compl\u00e8tes, horaires d&rsquo;ouverture et g\u00e9olocalisation&#8230;&nbsp;<\/strong>chaque commer\u00e7ant peut agr\u00e9menter sa fiche comme il le souhaite.<\/p>\n\n\n\n<p>Deux boutons sont pr\u00e9sents sur la fiche de chaque commer\u00e7ant : \u00a0\u00bb&nbsp;<strong>Appeler<\/strong>&nbsp;\u00a0\u00bb pour joindre directement le commer\u00e7ant et \u00a0\u00bb&nbsp;<strong>Voir sur la carte<\/strong>&nbsp;\u00a0\u00bb pour acc\u00e9der \u00e0 la carte compl\u00e8te de g\u00e9olocalisation de tous les commer\u00e7ants : encore un bon aspect pratique !<\/p>\n\n\n\n<figure class=\"wp-block-image\"><img decoding=\"async\" src=\"http:\/\/www.association-de-commercants.com\/documents\/appli_iphone1.jpg\" alt=\"\"\/><\/figure>\n\n\n\n<p><\/p>\n\n\n\n<figure class=\"wp-block-image\"><img decoding=\"async\" src=\"http:\/\/www.association-de-commercants.com\/documents\/appli_iphone2.jpg\" alt=\"\"\/><\/figure>\n\n\n\n<p><\/p>\n\n\n\n<figure class=\"wp-block-image\"><img decoding=\"async\" src=\"http:\/\/www.association-de-commercants.com\/documents\/IMG_6654.jpg\" alt=\"\"\/><\/figure>\n\n\n\n<p><\/p>\n\n\n\n<figure class=\"wp-block-image\"><img decoding=\"async\" src=\"http:\/\/www.association-de-commercants.com\/documents\/IMG_6655.jpg\" alt=\"\"\/><\/figure>\n\n\n\n<h2 class=\"wp-block-heading\">Etre g\u00e9olocalis\u00e9 facilement<\/h2>\n\n\n\n<p>Le&nbsp;<strong>syst\u00e8me de g\u00e9olocalisation<\/strong>&nbsp;performant int\u00e9gr\u00e9 \u00e0 l&rsquo;application iPhone permet de&nbsp;<strong>rep\u00e9rer un commerce<\/strong>&nbsp;sur une carte pr\u00e9cise. L&rsquo;application est capable de&nbsp;<strong>d\u00e9tecter les commerces<\/strong>&nbsp;se trouvant autour de l&rsquo;iPhone qui effectue la recherche, et d&rsquo;<strong>indiquer tous les commerces<\/strong>&nbsp;pr\u00e9sents dans l&rsquo;application iPhone de l&rsquo;Association des Commer\u00e7ants.&nbsp;<\/p>\n\n\n\n<figure class=\"wp-block-image\"><img decoding=\"async\" src=\"http:\/\/www.association-de-commercants.com\/documents\/IMG_6657.jpg\" alt=\"\"\/><\/figure>\n","protected":false},"excerpt":{"rendered":"Une Application iPhone pour afficher sa modernit\u00e9 Publier des offres promotionnelles Apr\u00e8s la r\u00e9daction et la publication des r\u00e9ductions via le module R\u00e9ductions (pour plus d&rsquo;informations \u00e0 ce sujet :&nbsp;Un mini-site autonome par adh\u00e9rent), les offres promotionnelles sont visibles ! Ainsi, les personnes qui ont un iPhone peuvent visionner ces offres et&nbsp;pr\u00e9senter leur t\u00e9l\u00e9phone au&#8230; <a class=\"view-article\" href=\"https:\/\/assocom.dev.jolifish.eu\/?page_id=248\">Voir l&rsquo;article<\/a>","protected":false},"author":1,"featured_media":0,"parent":0,"menu_order":0,"comment_status":"closed","ping_status":"closed","template":"","meta":{"footnotes":""},"class_list":["post-248","page","type-page","status-publish","hentry"],"acf":[],"_links":{"self":[{"href":"https:\/\/assocom.dev.jolifish.eu\/index.php?rest_route=\/wp\/v2\/pages\/248","targetHints":{"allow":["GET"]}}],"collection":[{"href":"https:\/\/assocom.dev.jolifish.eu\/index.php?rest_route=\/wp\/v2\/pages"}],"about":[{"href":"https:\/\/assocom.dev.jolifish.eu\/index.php?rest_route=\/wp\/v2\/types\/page"}],"author":[{"embeddable":true,"href":"https:\/\/assocom.dev.jolifish.eu\/index.php?rest_route=\/wp\/v2\/users\/1"}],"replies":[{"embeddable":true,"href":"https:\/\/assocom.dev.jolifish.eu\/index.php?rest_route=%2Fwp%2Fv2%2Fcomments&post=248"}],"version-history":[{"count":3,"href":"https:\/\/assocom.dev.jolifish.eu\/index.php?rest_route=\/wp\/v2\/pages\/248\/revisions"}],"predecessor-version":[{"id":262,"href":"https:\/\/assocom.dev.jolifish.eu\/index.php?rest_route=\/wp\/v2\/pages\/248\/revisions\/262"}],"wp:attachment":[{"href":"https:\/\/assocom.dev.jolifish.eu\/index.php?rest_route=%2Fwp%2Fv2%2Fmedia&parent=248"}],"curies":[{"name":"wp","href":"https:\/\/api.w.org\/{rel}","templated":true}]}}