{"id":245,"date":"2023-01-10T10:51:59","date_gmt":"2023-01-10T09:51:59","guid":{"rendered":"https:\/\/assocom.dev.jolifish.eu\/?page_id=245"},"modified":"2023-01-11T10:20:09","modified_gmt":"2023-01-11T09:20:09","slug":"portail-web","status":"publish","type":"page","link":"https:\/\/assocom.dev.jolifish.eu\/?page_id=245","title":{"rendered":"Portail web"},"content":{"rendered":"\n<h2 class=\"wp-block-heading\">Un portail Web pour l&rsquo;Association<\/h2>\n\n\n\n<p>Nous mettons en place un&nbsp;<strong>portail-annuaire<\/strong>,&nbsp;<strong><a href=\"http:\/\/www.association-de-commercants.com\/fr\/application-iphone.html\">une application iPhone<\/a><\/strong>&nbsp;et&nbsp;<strong><a href=\"http:\/\/www.association-de-commercants.com\/fr\/mini-site.html\">un mini-site<\/a><\/strong>&nbsp;par membre.<\/p>\n\n\n\n<figure class=\"wp-block-image\"><img decoding=\"async\" src=\"http:\/\/www.association-de-commercants.com\/documents\/Pc_accueil.jpg\" alt=\"\"\/><\/figure>\n\n\n\n<p><\/p>\n\n\n\n<figure class=\"wp-block-image\"><img decoding=\"async\" src=\"http:\/\/www.association-de-commercants.com\/documents\/Pc_fiche.jpg\" alt=\"\"\/><\/figure>\n\n\n\n<p><\/p>\n\n\n\n<figure class=\"wp-block-image\"><img decoding=\"async\" src=\"http:\/\/www.association-de-commercants.com\/documents\/IMG_6655.jpg\" alt=\"\"\/><\/figure>\n\n\n\n<p>Chaque membre a&nbsp;<strong>sa propre administration<\/strong>&nbsp;lui permettant de&nbsp;<strong>g\u00e9rer le contenu de sa fiche annuaire<\/strong>&nbsp;pr\u00e9sente sur le portail ET dans l&rsquo;application iPhone, mais \u00e9galement&nbsp;<strong>les actualit\u00e9s<\/strong>&nbsp;qu&rsquo;il souhaite diffuser sur le portail et les&nbsp;<strong>Bons de R\u00e9duction<\/strong>&nbsp;qu&rsquo;il veut faire appara\u00eetre en temps r\u00e9el sur sa fiche dans l&rsquo;application iPhone.<\/p>\n\n\n\n<figure class=\"wp-block-image\"><img decoding=\"async\" src=\"http:\/\/www.association-de-commercants.com\/documents\/Pc_admin.jpg\" alt=\"\"\/><\/figure>\n\n\n\n<p><\/p>\n\n\n\n<figure class=\"wp-block-image\"><img decoding=\"async\" src=\"http:\/\/www.association-de-commercants.com\/documents\/Pc_actu2.jpg\" alt=\"\"\/><\/figure>\n\n\n\n<p>D&rsquo;un point de vue du<strong>&nbsp;r\u00e9f\u00e9rencement sur les moteurs de recherches<\/strong>, l<strong>&lsquo;interconnexion<\/strong>&nbsp;des diff\u00e9rents sites s\u00e9par\u00e9s donne plus de poids \u00e0 l&rsquo;ensemble et le contenu enrichit du portail donne plus de pertinence \u00e0 chacun individuellement.<\/p>\n\n\n\n<figure class=\"wp-block-image\"><img decoding=\"async\" src=\"http:\/\/www.association-de-commercants.com\/documents\/interconnexion.jpg\" alt=\"\"\/><\/figure>\n\n\n\n<h2 class=\"wp-block-heading\">Pour plus d&rsquo;informations<\/h2>\n\n\n\n<ul class=\"wp-block-list\">\n<li><a href=\"http:\/\/www.association-de-commercants.com\/fr\/mini-site.html\">Un mini-site autonome par adh\u00e9rent<\/a><\/li>\n\n\n\n<li><a href=\"http:\/\/www.association-de-commercants.com\/fr\/application-iphone.html\">Une application iPhone de g\u00e9olocalisation des offres des adh\u00e9rents<\/a><\/li>\n<\/ul>\n\n\n\n<p>L&rsquo;<a href=\"http:\/\/www.webagoo.eu\/admin\/%20(lien%20vers%20la%20page)\" target=\"_blank\" rel=\"noreferrer noopener\">Association des Commer\u00e7ants de Ribeauvill\u00e9<\/a>&nbsp;a \u00e9t\u00e9 la premi\u00e8re \u00e0 b\u00e9n\u00e9ficier de ce syst\u00e8me !&nbsp;<a href=\"http:\/\/www.webagoo.eu\/admin\/%20(lien%20vers%20la%20page)\" target=\"_blank\" rel=\"noreferrer noopener\">Leur Portail<\/a>&nbsp;sera notre exemple concret pour illustrer&nbsp;<a href=\"http:\/\/www.association-de-commercants.com\/\">les nombreuses fonctionnalit\u00e9s<\/a>&nbsp;disponibles gr\u00e2ce \u00e0 ce syst\u00e8me r\u00e9volutionnaire.<\/p>\n","protected":false},"excerpt":{"rendered":"Un portail Web pour l&rsquo;Association Nous mettons en place un&nbsp;portail-annuaire,&nbsp;une application iPhone&nbsp;et&nbsp;un mini-site&nbsp;par membre. Chaque membre a&nbsp;sa propre administration&nbsp;lui permettant de&nbsp;g\u00e9rer le contenu de sa fiche annuaire&nbsp;pr\u00e9sente sur le portail ET dans l&rsquo;application iPhone, mais \u00e9galement&nbsp;les actualit\u00e9s&nbsp;qu&rsquo;il souhaite diffuser sur le portail et les&nbsp;Bons de R\u00e9duction&nbsp;qu&rsquo;il veut faire appara\u00eetre en temps r\u00e9el sur sa fiche&#8230; <a class=\"view-article\" href=\"https:\/\/assocom.dev.jolifish.eu\/?page_id=245\">Voir l&rsquo;article<\/a>","protected":false},"author":1,"featured_media":0,"parent":0,"menu_order":0,"comment_status":"closed","ping_status":"closed","template":"","meta":{"footnotes":""},"class_list":["post-245","page","type-page","status-publish","hentry"],"acf":[],"_links":{"self":[{"href":"https:\/\/assocom.dev.jolifish.eu\/index.php?rest_route=\/wp\/v2\/pages\/245","targetHints":{"allow":["GET"]}}],"collection":[{"href":"https:\/\/assocom.dev.jolifish.eu\/index.php?rest_route=\/wp\/v2\/pages"}],"about":[{"href":"https:\/\/assocom.dev.jolifish.eu\/index.php?rest_route=\/wp\/v2\/types\/page"}],"author":[{"embeddable":true,"href":"https:\/\/assocom.dev.jolifish.eu\/index.php?rest_route=\/wp\/v2\/users\/1"}],"replies":[{"embeddable":true,"href":"https:\/\/assocom.dev.jolifish.eu\/index.php?rest_route=%2Fwp%2Fv2%2Fcomments&post=245"}],"version-history":[{"count":6,"href":"https:\/\/assocom.dev.jolifish.eu\/index.php?rest_route=\/wp\/v2\/pages\/245\/revisions"}],"predecessor-version":[{"id":261,"href":"https:\/\/assocom.dev.jolifish.eu\/index.php?rest_route=\/wp\/v2\/pages\/245\/revisions\/261"}],"wp:attachment":[{"href":"https:\/\/assocom.dev.jolifish.eu\/index.php?rest_route=%2Fwp%2Fv2%2Fmedia&parent=245"}],"curies":[{"name":"wp","href":"https:\/\/api.w.org\/{rel}","templated":true}]}}