{"id":239,"date":"2023-01-10T10:47:58","date_gmt":"2023-01-10T09:47:58","guid":{"rendered":"https:\/\/assocom.dev.jolifish.eu\/?page_id=239"},"modified":"2023-01-11T10:17:07","modified_gmt":"2023-01-11T09:17:07","slug":"mini-site","status":"publish","type":"page","link":"https:\/\/assocom.dev.jolifish.eu\/?page_id=239","title":{"rendered":"Mini site"},"content":{"rendered":"\n<h2 class=\"wp-block-heading\">Un vrai site par membre pour piloter ses infos en toute ind\u00e9pendance<\/h2>\n\n\n\n<h2 class=\"wp-block-heading\">Etre class\u00e9 dans une cat\u00e9gorie de l&rsquo;Annuaire<\/h2>\n\n\n\n<p>L&rsquo;Annuaire pr\u00e9sent sur le Portail facilite la<strong>&nbsp;recherche<\/strong>&nbsp;des mini-sites de commer\u00e7ants. Class\u00e9s par cat\u00e9gories, les commer\u00e7ants affichent leur logo directement dans cet annuaire, ce qui permet aux visiteurs d&rsquo;<strong>acc\u00e9der rapidement \u00e0 la fiche du commer\u00e7ant<\/strong>&nbsp;recherch\u00e9.<\/p>\n\n\n\n<p>V\u00e9ritable r\u00e9pertoire des fiches des commer\u00e7ants pr\u00e9sentes dans le Portail, l&rsquo;annuaire donne donc un acc\u00e8s direct au mini-site de chaque commer\u00e7ant.<\/p>\n\n\n\n<h2 class=\"wp-block-heading\">Chaque mini-site r\u00e9pertori\u00e9 dans l&rsquo;Annuaire<\/h2>\n\n\n\n<p>Les commer\u00e7ants participants disposent d&rsquo;un mini-site leur permettant de pr\u00e9senter eux-m\u00eame leur activit\u00e9, leurs produits et leurs offres gr\u00e2ce \u00e0 un outil de mise en forme&nbsp;<strong>tr\u00e8s simple d&rsquo;utilisation<\/strong>. Gr\u00e2ce \u00e0 un module d\u00e9velopp\u00e9 de mani\u00e8re \u00e0 ce qu&rsquo;il soit administrable par des utilisateurs de tous niveaux en informatique (du novice \u00e0 l&rsquo;utilisateur confirm\u00e9), la gestion d&rsquo;un mini-site se fait en quelques minutes.<\/p>\n\n\n\n<p>Les commer\u00e7ants ont la possibilit\u00e9 de g\u00e9rer enti\u00e8rement leur mini-site en y int\u00e9grant tr\u00e8s simplement des&nbsp;<strong>informations essentielles<\/strong>&nbsp;:<\/p>\n\n\n\n<ul class=\"wp-block-list\">\n<li>Ils peuvent y ins\u00e9rer&nbsp;<strong>leur logo<\/strong>&nbsp;gr\u00e2ce \u00e0 un outil de t\u00e9l\u00e9chargement direct qui cherche les fichiers directement dans l&rsquo;ordinateur utilis\u00e9.<\/li>\n\n\n\n<li>La possibilit\u00e9 leur est donn\u00e9e de r\u00e9diger&nbsp;<strong>une description<\/strong>&nbsp;textuelle compl\u00e8te de leur commerce et leur activit\u00e9. Un&nbsp;<strong>\u00e9diteur de texte<\/strong>&nbsp;leur permet de mettre en forme leur description gr\u00e2ce \u00e0 l&rsquo;ajout de couleurs, d&rsquo;attributs en gras, italique ou soulign\u00e9, d&rsquo;int\u00e9grer des liens hypertexte menant vers leur site personnel s&rsquo;ils en ont d\u00e9j\u00e0 un, etc. De plus, ils peuvent int\u00e9grer de&nbsp;<strong>belles images<\/strong>&nbsp;de leur commerce afin d&rsquo;attirer l&rsquo;attention des visiteurs.<\/li>\n<\/ul>\n\n\n\n<ul class=\"wp-block-list\">\n<li>Chaque commer\u00e7ant peut entrer&nbsp;<strong>ses horaires d&rsquo;ouverture<\/strong>&nbsp;via un tableau sp\u00e9cifique. Les visiteurs ont donc acc\u00e8s aux horaires d&rsquo;ouverture de tous les commer\u00e7ants pr\u00e9sents sur le Portail : un outil tr\u00e8s pratique pour tous !<\/li>\n\n\n\n<li>Les commer\u00e7ants peuvent \u00e9galement afficher&nbsp;<strong>leurs coordonn\u00e9es compl\u00e8tes<\/strong>&nbsp;: adresse, num\u00e9ro de t\u00e9l\u00e9phone, adresse mail, etc. gr\u00e2ce au module \u00ab\u00a0Mes coordonn\u00e9es\u00a0\u00bb, rempli en quelques secondes.<\/li>\n\n\n\n<li>Un&nbsp;<strong>plan de g\u00e9olocalisation GoogleMap<\/strong>&nbsp;permet aux internautes de rep\u00e9rer directement l&#8217;emplacement du commerce en question. G\u00e9r\u00e9e via le module \u00ab\u00a0Mes coordonn\u00e9es\u00a0\u00bb, l&rsquo;adresse est int\u00e9gr\u00e9e tr\u00e8s rapidement.<\/li>\n\n\n\n<li>Un commer\u00e7ant qui offre des r\u00e9ductions \u00e0 ses visiteurs attire forc\u00e9ment plus de clients ! Partant de ce principe, la&nbsp;<strong>mise en valeur des offres<\/strong>&nbsp;publi\u00e9es en quelques clics sur le module \u00ab\u00a0R\u00e9ductions\u00a0\u00bb est un avantage majeur pour les mini-sites de commer\u00e7ants. Cette notification s&rsquo;affiche sur la fiche du commer\u00e7ant qui la propose, permettant ainsi aux visiteurs de la visionner directement.<\/li>\n<\/ul>\n\n\n\n<figure class=\"wp-block-image\"><img decoding=\"async\" src=\"http:\/\/www.association-de-commercants.com\/documents\/Capture_decran_2012-04-20_a_15.47.png\" alt=\"\"\/><\/figure>\n\n\n\n<p><\/p>\n\n\n\n<figure class=\"wp-block-image\"><img decoding=\"async\" src=\"http:\/\/www.association-de-commercants.com\/documents\/Capture_decran_2012-04-20_a_15.49.png\" alt=\"\"\/><\/figure>\n\n\n\n<p><\/p>\n\n\n\n<figure class=\"wp-block-image\"><img decoding=\"async\" src=\"http:\/\/www.association-de-commercants.com\/documents\/Capture_decran_2012-04-20_a_17.01.png\" alt=\"\"\/><\/figure>\n\n\n\n<p><\/p>\n\n\n\n<figure class=\"wp-block-image\"><img decoding=\"async\" src=\"http:\/\/www.association-de-commercants.com\/documents\/Capture_decran_2012-04-20_a_15.50.png\" alt=\"\"\/><\/figure>\n\n\n\n<p>Un exemple concret : un mini-site cr\u00e9\u00e9 sur&nbsp;le<a href=\"http:\/\/www.ribeauville-commercants.com\/\" target=\"_blank\" rel=\"noreferrer noopener\">&nbsp;Portail de l&rsquo;Association des Commer\u00e7ants de Ribeauvill\u00e9<\/a><\/p>\n\n\n\n<figure class=\"wp-block-image\"><img decoding=\"async\" src=\"http:\/\/www.association-de-commercants.com\/documents\/Pc_visext.jpg\" alt=\"\"\/><\/figure>\n\n\n\n<p><\/p>\n\n\n\n<figure class=\"wp-block-image\"><img decoding=\"async\" src=\"http:\/\/www.association-de-commercants.com\/documents\/Pc_fiche.jpg\" alt=\"\"\/><\/figure>\n\n\n\n<p>De plus, toutes ces informations sont disponibles dans l&rsquo;application iPhone ! Pour plus de renseignements concernant cette application :&nbsp;<a href=\"http:\/\/www.association-de-commercants.com\/fr\/application-iphone.html\">Une appli iPhone de g\u00e9olocalisation des offres des adh\u00e9rents<\/a>.<\/p>\n\n\n\n<p>Comme tous les autres modules, le module \u00a0\u00bb Visibilit\u00e9 externe \u00a0\u00bb est&nbsp;<strong>tr\u00e8s simple d&rsquo;utilisation<\/strong>. En quelques clics, la fiche du commer\u00e7ant est remplie et&nbsp;<strong>son mini-site est pr\u00eat<\/strong>&nbsp;! Voici la vid\u00e9o tutorielle qui&nbsp;<a href=\"http:\/\/vimeo.com\/37377382\" target=\"_blank\" rel=\"noreferrer noopener\">apprend \u00e0 utiliser le module \u00ab\u00a0Visibilit\u00e9 externe\u00a0\u00bb<\/a>.<\/p>\n\n\n\n<p><iframe loading=\"lazy\" title=\"9. G&amp;eacute;rer la pr&amp;eacute;sence de mon Webagoo sur d&#039;autres portails\" src=\"https:\/\/player.vimeo.com\/video\/37377382?h=ba81a90620&amp;dnt=1&amp;app_id=122963\" width=\"900\" height=\"506\" frameborder=\"0\" allow=\"autoplay; fullscreen; picture-in-picture\" allowfullscreen><\/iframe><\/p>\n\n\n\n<h1 class=\"wp-block-heading\">&nbsp;<\/h1>\n\n\n\n<h1 class=\"wp-block-heading\">Parler de votre commerce avec des actualit\u00e9s<\/h1>\n\n\n\n<p>Dans ce module, cr\u00e9er, publier et g\u00e9rer vos actualit\u00e9s se fait en quelques clics.<\/p>\n\n\n\n<p>Les actualit\u00e9s sont transmises par chacun des mini-sites depuis un module tr\u00e8s simple. Les actualit\u00e9s sont&nbsp;<strong>class\u00e9es par date<\/strong>&nbsp;et un lien renvoie vers la fiche du commer\u00e7ant ou son site Internet.<\/p>\n\n\n\n<p>Les commer\u00e7ants adh\u00e9rents peuvent cr\u00e9er des news&nbsp;<strong>class\u00e9es par cat\u00e9gories<\/strong>, les mettre en forme tr\u00e8s simplement en y int\u00e9grant des&nbsp;<strong>photos<\/strong>, des&nbsp;<strong>liens hypertextes<\/strong>&nbsp;(internes ou externes) ou encore des&nbsp;<strong>tableaux<\/strong>&nbsp;pour faciliter la mise en page globale.<\/p>\n\n\n\n<p>Publi\u00e9es directement sur le Portail de l&rsquo;Association, les actualit\u00e9s participent au&nbsp;<strong>dynamisme<\/strong>&nbsp;et au bon&nbsp;<strong>r\u00e9f\u00e9rencement<\/strong>&nbsp;du Portail et par la m\u00eame occasion, de chaque mini-site !<\/p>\n\n\n\n<p>Un exemple concret avec&nbsp;<a href=\"http:\/\/www.ribeauville-commercants.com\/\" target=\"_blank\" rel=\"noreferrer noopener\">le Portail de l&rsquo;Association des Commer\u00e7ants de Ribeauvill\u00e9<\/a>&nbsp;:<\/p>\n\n\n\n<figure class=\"wp-block-image\"><img decoding=\"async\" src=\"http:\/\/www.association-de-commercants.com\/documents\/Pc_actu.jpg\" alt=\"\"\/><\/figure>\n\n\n\n<p><\/p>\n\n\n\n<figure class=\"wp-block-image\"><img decoding=\"async\" src=\"http:\/\/www.association-de-commercants.com\/documents\/Pc_actu2.jpg\" alt=\"\"\/><\/figure>\n\n\n\n<p>Les modules s&rsquo;illustrent par leur&nbsp;<strong>simplicit\u00e9 de gestion<\/strong>. Quelques clics, un brin d&rsquo;imagination pour la r\u00e9daction des textes, et l&rsquo;actualit\u00e9 est en ligne ! La preuve en image avec la vid\u00e9o tutorielle expliquant&nbsp;<a href=\"http:\/\/vimeo.com\/37375576\" target=\"_blank\" rel=\"noreferrer noopener\">comment administrer le module Actualit\u00e9s<\/a>&nbsp;via son mini-site.&nbsp;<\/p>\n\n\n\n<p><iframe loading=\"lazy\" title=\"5. Publier des Actualit&amp;eacute;s en quelques clics\" src=\"https:\/\/player.vimeo.com\/video\/37375576?h=ca0d156e48&amp;dnt=1&amp;app_id=122963\" width=\"900\" height=\"506\" frameborder=\"0\" allow=\"autoplay; fullscreen; picture-in-picture\" allowfullscreen><\/iframe><\/p>\n\n\n\n<h1 class=\"wp-block-heading\">Publier des \u00e9v\u00e9nements pour dynamiser son commerce<\/h1>\n\n\n\n<p>Gr\u00e2ce au module \u00ab\u00a0Calendrier d&rsquo;\u00e9v\u00e9nements\u00a0\u00bb, les commer\u00e7ants adh\u00e9rents ont la possibilit\u00e9 de&nbsp;<strong>cr\u00e9er des \u00e9v\u00e9nements<\/strong>, qu&rsquo;ils pourront ensuite publier directement dans le Portail des commer\u00e7ants. Salons, sortie de nouveaux produits, expositions&#8230; tous les \u00e9v\u00e9nements peuvent \u00eatre annonc\u00e9s ici !<\/p>\n\n\n\n<p>En quelques clics, les \u00e9v\u00e9nements sont cr\u00e9\u00e9s,&nbsp;<strong>mis en page<\/strong>&nbsp;avec l&rsquo;\u00e9diteur de texte qui permet d&rsquo;ajouter de la couleur et des effets au texte, d\u00e9crits et&nbsp;<strong>embellis<\/strong>&nbsp;gr\u00e2ce aux photos qui peuvent \u00eatre ajout\u00e9es dans les \u00e9v\u00e9nements.<\/p>\n\n\n\n<figure class=\"wp-block-image\"><img decoding=\"async\" src=\"http:\/\/www.association-de-commercants.com\/documents\/Pc_cald2.jpg\" alt=\"\"\/><\/figure>\n\n\n\n<p><\/p>\n\n\n\n<figure class=\"wp-block-image\"><img decoding=\"async\" src=\"http:\/\/www.association-de-commercants.com\/documents\/Pc_cald.jpg\" alt=\"\"\/><\/figure>\n\n\n\n<p>La vid\u00e9o tutorielle qui explique&nbsp;<a href=\"http:\/\/vimeo.com\/37376170\" target=\"_blank\" rel=\"noreferrer noopener\">comment cr\u00e9er et publier les \u00e9v\u00e9nements<\/a>&nbsp;sur le Portail des commer\u00e7ants le d\u00e9montre :&nbsp;<strong>simplicit\u00e9<\/strong>&nbsp;est le ma\u00eetre-mot pour d\u00e9crire l&rsquo;utilisation des modules pr\u00e9sents dans l&rsquo;administration de chaque mini-site.<\/p>\n\n\n\n<p><iframe loading=\"lazy\" title=\"6. Cr&amp;eacute;er des &amp;eacute;v&amp;eacute;nements\" src=\"https:\/\/player.vimeo.com\/video\/37376170?h=a42ce10c9f&amp;dnt=1&amp;app_id=122963\" width=\"900\" height=\"506\" frameborder=\"0\" allow=\"autoplay; fullscreen; picture-in-picture\" allowfullscreen><\/iframe><\/p>\n\n\n\n<h1 class=\"wp-block-heading\">&nbsp;<\/h1>\n\n\n\n<h1 class=\"wp-block-heading\">R\u00e9diger des billets de blog pour cr\u00e9er de l&rsquo;activit\u00e9&nbsp;<\/h1>\n\n\n\n<p>Le module \u00ab\u00a0Blog\u00a0\u00bb permet aux commer\u00e7ants de publier des&nbsp;<strong>billets de blog<\/strong>&nbsp;parlant de leur soci\u00e9t\u00e9 et de leur activit\u00e9. Partant du m\u00eame prinicpe que les actualit\u00e9s, les billets de blog permettent aux mini-sites d&rsquo;am\u00e9liorer leur r\u00e9f\u00e9rencement naturel ainsi que celui du Portail des commer\u00e7ants. Les billets sont&nbsp;<strong>publi\u00e9s du plus ancien au plus r\u00e9cent<\/strong>, donnant la possibilit\u00e9 \u00e0 chaque site de se retrouver pendant quelques jours&nbsp;<strong>sur la page d&rsquo;accueil du Portail.<\/strong><\/p>\n\n\n\n<p>Et tout cela rapidement mis en page gr\u00e2ce \u00e0 un&nbsp;<strong>\u00e9diteur de texte<\/strong>&nbsp;qui permet \u00e9galement l&rsquo;<strong>insertion de photos et d&rsquo;images<\/strong>&nbsp;!<\/p>\n\n\n\n<figure class=\"wp-block-image\"><img decoding=\"async\" src=\"http:\/\/www.association-de-commercants.com\/documents\/Pc_blog.jpg\" alt=\"\"\/><\/figure>\n\n\n\n<p><\/p>\n\n\n\n<figure class=\"wp-block-image\"><img decoding=\"async\" src=\"http:\/\/www.association-de-commercants.com\/documents\/Pc_blog2.jpg\" alt=\"\"\/><\/figure>\n\n\n\n<p><a href=\"http:\/\/vimeo.com\/37377084\" target=\"_blank\" rel=\"noreferrer noopener\">Publier des billets de blog via un mini-site<\/a>&nbsp;adh\u00e9rent au Portail des commer\u00e7ants est tr\u00e8s simple. La vid\u00e9o tutorielle ci-dessous le prouve !<\/p>\n\n\n\n<p><iframe loading=\"lazy\" title=\"7. Animer mon blog sur Webagoo\" src=\"https:\/\/player.vimeo.com\/video\/37377084?h=0b40a18e94&amp;dnt=1&amp;app_id=122963\" width=\"900\" height=\"506\" frameborder=\"0\" allow=\"autoplay; fullscreen; picture-in-picture\" allowfullscreen><\/iframe><\/p>\n\n\n\n<h1 class=\"wp-block-heading\">Cr\u00e9er des offres promotionnelles pour attirer le client<\/h1>\n\n\n\n<h3 class=\"wp-block-heading\">Des r\u00e9ductions disponibles dans l&rsquo;Application iPhone et sur le Portail<\/h3>\n\n\n\n<p>Les commer\u00e7ants ont la possibilit\u00e9 de&nbsp;<strong>publier des offres promotionnelles<\/strong>&nbsp;via leur mini-site Webagoo. R\u00e9duction sur un produit dans un commerce, nuit\u00e9e offerte dans un h\u00f4tel, caf\u00e9 offert dans un restaurant&#8230; les&nbsp;<strong>d\u00e9tenteurs d&rsquo;un iPhone<\/strong>&nbsp;et les&nbsp;<strong>visiteurs du Portail<\/strong>&nbsp;peuvent profiter de ces offres soit en les&nbsp;<strong>t\u00e9l\u00e9chargeant depuis leur iPhone<\/strong>, soit en les&nbsp;<strong>imprimant depuis leur ordinateur.<\/strong><\/p>\n\n\n\n<p>Les commer\u00e7ants publient des r\u00e9ductions depuis leur Webagoo, ils les mettent en forme en indiquant la&nbsp;<strong>valeur de la r\u00e9duction<\/strong>, sa&nbsp;<strong>date de d\u00e9but<\/strong>&nbsp;et&nbsp;<strong>de fin<\/strong>&nbsp;et les&nbsp;<strong>conditions sp\u00e9cifiques<\/strong>&nbsp;de l&rsquo;offre. Une fois enregistr\u00e9e, la r\u00e9duction est<strong>&nbsp;directement publi\u00e9e<\/strong>&nbsp;sur l&rsquo;application iPhone et dans le Portail.<\/p>\n\n\n\n<p>Pour b\u00e9n\u00e9ficier de ces offres promotionnelles, le client se rend dans l&rsquo;Application iPhone du Portail des Commer\u00e7ants (pour plus de d\u00e9tails :&nbsp;<a href=\"http:\/\/www.association-de-commercants.com\/fr\/application-iphone.html\">Une appli iPhone de g\u00e9olocalisation des offres des adh\u00e9rents<\/a>)<\/p>\n\n\n\n<figure class=\"wp-block-image\"><img decoding=\"async\" src=\"http:\/\/www.association-de-commercants.com\/documents\/Pc_reduc.jpg\" alt=\"\"\/><\/figure>\n\n\n\n<p>Ci-dessous,&nbsp;<a href=\"http:\/\/vimeo.com\/37375131\" target=\"_blank\" rel=\"noreferrer noopener\">une vid\u00e9o tutorielle d\u00e9montre la simplicit\u00e9 de publication des offres<\/a>&nbsp;de r\u00e9duction depuis le mini-site Webagoo.&nbsp;<\/p>\n\n\n\n<p><iframe loading=\"lazy\" title=\"4. Publier des r&amp;eacute;ductions via mon Webagoo\" src=\"https:\/\/player.vimeo.com\/video\/37375131?h=abe3069876&amp;dnt=1&amp;app_id=122963\" width=\"900\" height=\"506\" frameborder=\"0\" allow=\"autoplay; fullscreen; picture-in-picture\" allowfullscreen><\/iframe><\/p>\n","protected":false},"excerpt":{"rendered":"Un vrai site par membre pour piloter ses infos en toute ind\u00e9pendance Etre class\u00e9 dans une cat\u00e9gorie de l&rsquo;Annuaire L&rsquo;Annuaire pr\u00e9sent sur le Portail facilite la&nbsp;recherche&nbsp;des mini-sites de commer\u00e7ants. Class\u00e9s par cat\u00e9gories, les commer\u00e7ants affichent leur logo directement dans cet annuaire, ce qui permet aux visiteurs d&rsquo;acc\u00e9der rapidement \u00e0 la fiche du commer\u00e7ant&nbsp;recherch\u00e9. V\u00e9ritable r\u00e9pertoire&#8230; <a class=\"view-article\" href=\"https:\/\/assocom.dev.jolifish.eu\/?page_id=239\">Voir l&rsquo;article<\/a>","protected":false},"author":1,"featured_media":0,"parent":0,"menu_order":0,"comment_status":"closed","ping_status":"closed","template":"","meta":{"footnotes":""},"class_list":["post-239","page","type-page","status-publish","hentry"],"acf":[],"_links":{"self":[{"href":"https:\/\/assocom.dev.jolifish.eu\/index.php?rest_route=\/wp\/v2\/pages\/239","targetHints":{"allow":["GET"]}}],"collection":[{"href":"https:\/\/assocom.dev.jolifish.eu\/index.php?rest_route=\/wp\/v2\/pages"}],"about":[{"href":"https:\/\/assocom.dev.jolifish.eu\/index.php?rest_route=\/wp\/v2\/types\/page"}],"author":[{"embeddable":true,"href":"https:\/\/assocom.dev.jolifish.eu\/index.php?rest_route=\/wp\/v2\/users\/1"}],"replies":[{"embeddable":true,"href":"https:\/\/assocom.dev.jolifish.eu\/index.php?rest_route=%2Fwp%2Fv2%2Fcomments&post=239"}],"version-history":[{"count":8,"href":"https:\/\/assocom.dev.jolifish.eu\/index.php?rest_route=\/wp\/v2\/pages\/239\/revisions"}],"predecessor-version":[{"id":259,"href":"https:\/\/assocom.dev.jolifish.eu\/index.php?rest_route=\/wp\/v2\/pages\/239\/revisions\/259"}],"wp:attachment":[{"href":"https:\/\/assocom.dev.jolifish.eu\/index.php?rest_route=%2Fwp%2Fv2%2Fmedia&parent=239"}],"curies":[{"name":"wp","href":"https:\/\/api.w.org\/{rel}","templated":true}]}}